{"id":13,"date":"2016-01-29T10:14:33","date_gmt":"2016-01-29T10:14:33","guid":{"rendered":"https:\/\/the7.io\/beauty-studio\/?page_id=13"},"modified":"2023-10-09T10:10:48","modified_gmt":"2023-10-09T10:10:48","slug":"contacto","status":"publish","type":"page","link":"https:\/\/mirtraducciones.es\/en\/contacto\/","title":{"rendered":"Contact"},"content":{"rendered":"<div class=\"wpb-content-wrapper\"><div class=\"vc_row wpb_row vc_row-fluid vc_custom_1690960452546 vc_row-has-fill vc_row-o-content-middle vc_row-flex\"><div class=\"wpb_column vc_column_container vc_col-sm-12\"><div class=\"vc_column-inner\"><div class=\"wpb_wrapper\"><div class=\"vc_row wpb_row vc_inner vc_row-fluid\"><div class=\"wpb_column vc_column_container vc_col-sm-12\"><div class=\"vc_column-inner\"><div class=\"wpb_wrapper\"><div id=\"ultimate-heading-625069d0d516e2757\" class=\"uvc-heading ult-adjust-bottom-margin ultimate-heading-625069d0d516e2757 uvc-7708\" data-hspacer=\"no_spacer\"  data-halign=\"center\" style=\"text-align:center\"><div class=\"uvc-heading-spacer no_spacer\" style=\"top\"><\/div><div class=\"uvc-main-heading ult-responsive\"  data-ultimate-target='.uvc-heading.ultimate-heading-625069d0d516e2757 h2'  data-responsive-json-new='{\"font-size\":\"desktop:60px;\",\"line-height\":\"\"}' ><h2 style=\"font-family:&#039;DM Mono&#039;;font-weight:bold;\">Contact information:<\/h2><\/div><\/div><\/div><\/div><\/div><\/div><div class=\"vc_row wpb_row vc_inner vc_row-fluid vc_custom_1690974902969 vc_column-gap-10\"><div class=\"wpb_column vc_column_container vc_col-sm-6 vc_col-has-fill\"><div class=\"vc_column-inner vc_custom_1690967623819\"><div class=\"wpb_wrapper\"><div id=\"ultimate-heading-396769d0d516e2c21\" class=\"uvc-heading ult-adjust-bottom-margin ultimate-heading-396769d0d516e2c21 uvc-7303\" data-hspacer=\"no_spacer\"  data-halign=\"left\" style=\"text-align:left\"><div class=\"uvc-heading-spacer no_spacer\" style=\"top\"><\/div><div class=\"uvc-main-heading ult-responsive\"  data-ultimate-target='.uvc-heading.ultimate-heading-396769d0d516e2c21 h2'  data-responsive-json-new='{\"font-size\":\"desktop:25px;\",\"line-height\":\"\"}' ><h2 style=\"font-family:&#039;DM Mono&#039;;--font-weight:theme;\">Adress: CALLE REAL 31, 2\u00aa PLANTA, LA L\u00cdNEA DE LA CONCEPCI\u00d3N, 11300, C\u00c1DIZ (ESPA\u00d1A)<\/h2><\/div><\/div><\/div><\/div><\/div><div class=\"wpb_column vc_column_container vc_col-sm-6 vc_col-has-fill\"><div class=\"vc_column-inner vc_custom_1690967639851\"><div class=\"wpb_wrapper\"><div id=\"ultimate-heading-780269d0d516e2ee6\" class=\"uvc-heading ult-adjust-bottom-margin ultimate-heading-780269d0d516e2ee6 uvc-3906\" data-hspacer=\"no_spacer\"  data-halign=\"left\" style=\"text-align:left\"><div class=\"uvc-heading-spacer no_spacer\" style=\"top\"><\/div><div class=\"uvc-main-heading ult-responsive\"  data-ultimate-target='.uvc-heading.ultimate-heading-780269d0d516e2ee6 h2'  data-responsive-json-new='{\"font-size\":\"desktop:25px;\",\"line-height\":\"\"}' ><h2 style=\"font-family:&#039;DM Mono&#039;;--font-weight:theme;\">Phone number: +34 607 99 22 92<\/h2><\/div><\/div><style type=\"text\/css\" data-type=\"the7_shortcodes-inline-css\">.dt-shortcode-soc-icons.soc-icons-23542d351b31d278b7f1d8bf6e5dd347 a {\n  margin-right: 25px;\n}\n.dt-shortcode-soc-icons a.soc-icons-23542d351b31d278b7f1d8bf6e5dd347 {\n  margin-right: 25px;\n}\n.dt-shortcode-soc-icons a.soc-icons-23542d351b31d278b7f1d8bf6e5dd347:last-child {\n  margin-right: 0;\n}\n.dt-shortcode-soc-icons a.soc-icons-23542d351b31d278b7f1d8bf6e5dd347:before,\n.dt-shortcode-soc-icons a.soc-icons-23542d351b31d278b7f1d8bf6e5dd347:after {\n  padding: inherit;\n}\n.dt-shortcode-soc-icons a.soc-icons-23542d351b31d278b7f1d8bf6e5dd347.dt-icon-border-on:before {\n  border:  solid ;\n}\n.dt-shortcode-soc-icons a.soc-icons-23542d351b31d278b7f1d8bf6e5dd347.dt-icon-hover-border-on:after {\n  border:  solid ;\n}\n<\/style><div class=\"dt-shortcode-soc-icons  soc-icons-23542d351b31d278b7f1d8bf6e5dd347 soc-icons-left  vc_custom_1690969351833\" ><style type=\"text\/css\" data-type=\"the7_shortcodes-inline-css\">.dt-shortcode-soc-icons a.single-soc-icon-7664a0404798b77b8c96c8456f3278c9 {\n  min-width: 26px;\n  min-height: 26px;\n  font-size: 30px;\n  border-radius: 100px;\n}\n.dt-shortcode-soc-icons a.single-soc-icon-7664a0404798b77b8c96c8456f3278c9:last-child {\n  margin-right: 0;\n}\n.dt-shortcode-soc-icons a.single-soc-icon-7664a0404798b77b8c96c8456f3278c9:before,\n.dt-shortcode-soc-icons a.single-soc-icon-7664a0404798b77b8c96c8456f3278c9:after {\n  min-width: 26px;\n  min-height: 26px;\n  padding: inherit;\n}\n.dt-shortcode-soc-icons a.single-soc-icon-7664a0404798b77b8c96c8456f3278c9.dt-icon-border-on:before {\n  border: 0px solid ;\n}\n.dt-shortcode-soc-icons a.single-soc-icon-7664a0404798b77b8c96c8456f3278c9.dt-icon-hover-border-on:after {\n  border: 0px solid ;\n}\n.dt-shortcode-soc-icons a.single-soc-icon-7664a0404798b77b8c96c8456f3278c9:hover {\n  font-size: 30px;\n}\n#page .dt-shortcode-soc-icons a.single-soc-icon-7664a0404798b77b8c96c8456f3278c9:hover .soc-font-icon,\n#phantom .dt-shortcode-soc-icons a.single-soc-icon-7664a0404798b77b8c96c8456f3278c9:hover .soc-font-icon,\n#page .dt-shortcode-soc-icons a.single-soc-icon-7664a0404798b77b8c96c8456f3278c9:hover .soc-icon,\n#phantom .dt-shortcode-soc-icons a.single-soc-icon-7664a0404798b77b8c96c8456f3278c9:hover .soc-icon {\n  color: #224b69;\n  background: none;\n}\n#page .dt-shortcode-soc-icons a.single-soc-icon-7664a0404798b77b8c96c8456f3278c9:not(:hover) .soc-font-icon,\n#phantom .dt-shortcode-soc-icons a.single-soc-icon-7664a0404798b77b8c96c8456f3278c9:not(:hover) .soc-font-icon,\n#page .dt-shortcode-soc-icons a.single-soc-icon-7664a0404798b77b8c96c8456f3278c9:not(:hover) .soc-icon,\n#phantom .dt-shortcode-soc-icons a.single-soc-icon-7664a0404798b77b8c96c8456f3278c9:not(:hover) .soc-icon {\n  color: #224b69;\n  background: none;\n}\n.dt-shortcode-soc-icons a.single-soc-icon-7664a0404798b77b8c96c8456f3278c9 .soc-font-icon,\n.dt-shortcode-soc-icons a.single-soc-icon-7664a0404798b77b8c96c8456f3278c9 .soc-icon {\n  font-size: 30px;\n}\n<\/style><a title=\"\" href=\"#\" class=\"icomoon-icomoonfree-16x16-instagram single-soc-icon-7664a0404798b77b8c96c8456f3278c9 dt-icon-bg-off dt-icon-border-on dt-icon-hover-bg-off\"><i class=\"soc-icon icomoon-icomoonfree-16x16-instagram\"><\/i><span class=\"screen-reader-text\"><\/span><\/a><style type=\"text\/css\" data-type=\"the7_shortcodes-inline-css\">.dt-shortcode-soc-icons a.single-soc-icon-7f77ed0d45d8685abb9eae286b29aa00 {\n  min-width: 26px;\n  min-height: 26px;\n  font-size: 30px;\n  border-radius: 100px;\n}\n.dt-shortcode-soc-icons a.single-soc-icon-7f77ed0d45d8685abb9eae286b29aa00:last-child {\n  margin-right: 0;\n}\n.dt-shortcode-soc-icons a.single-soc-icon-7f77ed0d45d8685abb9eae286b29aa00:before,\n.dt-shortcode-soc-icons a.single-soc-icon-7f77ed0d45d8685abb9eae286b29aa00:after {\n  min-width: 26px;\n  min-height: 26px;\n  padding: inherit;\n}\n.dt-shortcode-soc-icons a.single-soc-icon-7f77ed0d45d8685abb9eae286b29aa00.dt-icon-border-on:before {\n  border: 0px solid ;\n}\n.dt-shortcode-soc-icons a.single-soc-icon-7f77ed0d45d8685abb9eae286b29aa00.dt-icon-hover-border-on:after {\n  border: 0px solid ;\n}\n.dt-shortcode-soc-icons a.single-soc-icon-7f77ed0d45d8685abb9eae286b29aa00:hover {\n  font-size: 30px;\n}\n#page .dt-shortcode-soc-icons a.single-soc-icon-7f77ed0d45d8685abb9eae286b29aa00:hover .soc-font-icon,\n#phantom .dt-shortcode-soc-icons a.single-soc-icon-7f77ed0d45d8685abb9eae286b29aa00:hover .soc-font-icon,\n#page .dt-shortcode-soc-icons a.single-soc-icon-7f77ed0d45d8685abb9eae286b29aa00:hover .soc-icon,\n#phantom .dt-shortcode-soc-icons a.single-soc-icon-7f77ed0d45d8685abb9eae286b29aa00:hover .soc-icon {\n  color: #224b69;\n  background: none;\n}\n#page .dt-shortcode-soc-icons a.single-soc-icon-7f77ed0d45d8685abb9eae286b29aa00:not(:hover) .soc-font-icon,\n#phantom .dt-shortcode-soc-icons a.single-soc-icon-7f77ed0d45d8685abb9eae286b29aa00:not(:hover) .soc-font-icon,\n#page .dt-shortcode-soc-icons a.single-soc-icon-7f77ed0d45d8685abb9eae286b29aa00:not(:hover) .soc-icon,\n#phantom .dt-shortcode-soc-icons a.single-soc-icon-7f77ed0d45d8685abb9eae286b29aa00:not(:hover) .soc-icon {\n  color: #224b69;\n  background: none;\n}\n.dt-shortcode-soc-icons a.single-soc-icon-7f77ed0d45d8685abb9eae286b29aa00 .soc-font-icon,\n.dt-shortcode-soc-icons a.single-soc-icon-7f77ed0d45d8685abb9eae286b29aa00 .soc-icon {\n  font-size: 30px;\n}\n<\/style><a title=\"\" href=\"#\" class=\"fab fa-facebook single-soc-icon-7f77ed0d45d8685abb9eae286b29aa00 dt-icon-bg-off dt-icon-border-on dt-icon-hover-bg-off\"><i class=\"soc-icon fab fa-facebook\"><\/i><span class=\"screen-reader-text\"><\/span><\/a><\/div><\/div><\/div><\/div><\/div><div class=\"vc_row wpb_row vc_inner vc_row-fluid vc_custom_1690974909361 vc_column-gap-10\"><div class=\"wpb_column vc_column_container vc_col-sm-6 vc_col-has-fill\"><div class=\"vc_column-inner vc_custom_1690974932984\"><div class=\"wpb_wrapper\"><div id=\"ultimate-heading-558569d0d516e363d\" class=\"uvc-heading ult-adjust-bottom-margin ultimate-heading-558569d0d516e363d uvc-7455\" data-hspacer=\"no_spacer\"  data-halign=\"left\" style=\"text-align:left\"><div class=\"uvc-heading-spacer no_spacer\" style=\"top\"><\/div><div class=\"uvc-main-heading ult-responsive\"  data-ultimate-target='.uvc-heading.ultimate-heading-558569d0d516e363d h2'  data-responsive-json-new='{\"font-size\":\"desktop:25px;\",\"line-height\":\"\"}' ><h2 style=\"font-family:&#039;DM Mono&#039;;--font-weight:theme;\">Email: INFO@MIRTRADUCCIONES.ES<\/h2><\/div><\/div><\/div><\/div><\/div><div class=\"wpb_column vc_column_container vc_col-sm-6 vc_col-has-fill\"><div class=\"vc_column-inner vc_custom_1690974924340\"><div class=\"wpb_wrapper\"><div id=\"ultimate-heading-312969d0d516e3875\" class=\"uvc-heading ult-adjust-bottom-margin ultimate-heading-312969d0d516e3875 uvc-5367\" data-hspacer=\"no_spacer\"  data-halign=\"left\" style=\"text-align:left\"><div class=\"uvc-heading-spacer no_spacer\" style=\"top\"><\/div><div class=\"uvc-main-heading ult-responsive\"  data-ultimate-target='.uvc-heading.ultimate-heading-312969d0d516e3875 h2'  data-responsive-json-new='{\"font-size\":\"desktop:25px;\",\"line-height\":\"\"}' ><h2 style=\"font-family:&#039;DM Mono&#039;;--font-weight:theme;margin-bottom:15px;\">Opening hours: MONDAY TO FRIDAY FROM 10:00 TO 13:00 AND FROM 17:30 TO 19:30. CLOSED ON SATURDAYS AND SUNDAYS.<\/h2><\/div><div class=\"uvc-sub-heading ult-responsive\"  data-ultimate-target='.uvc-heading.ultimate-heading-312969d0d516e3875 .uvc-sub-heading '  data-responsive-json-new='{\"font-size\":\"\",\"line-height\":\"\"}'  style=\"font-family:&#039;DM Mono&#039;;font-weight:normal;\">We are happy to assist you during business hours; outside of these hours, calls and emails will not be answered (including on weekends).<\/div><\/div><\/div><\/div><\/div><\/div><\/div><\/div><\/div><\/div><div class=\"vc_row wpb_row vc_row-fluid vc_custom_1498572765023\"><div class=\"wpb_column vc_column_container vc_col-sm-12\"><div class=\"vc_column-inner\"><div class=\"wpb_wrapper\"><div class=\"wpb_gmaps_widget wpb_content_element\"><div class=\"wpb_wrapper\"><div class=\"wpb_map_wraper\"><iframe src=\"https:\/\/www.google.com\/maps\/embed?pb=!1m18!1m12!1m3!1d3221.194649403974!2d-5.355154307618207!3d36.1618177013647!2m3!1f0!2f0!3f0!3m2!1i1024!2i768!4f13.1!3m3!1m2!1s0xd0cc18b7170cfc5%3A0x8dd5e64d982f2ec4!2sMir%20Traducciones%20-%20Traductor%20Jurado!5e0!3m2!1ses!2ses!4v1696846210969!5m2!1ses!2ses\" width=\"600\" height=\"450\" style=\"border:0;\" allowfullscreen=\"\" loading=\"lazy\" referrerpolicy=\"no-referrer-when-downgrade\"><\/iframe><\/div><\/div><\/div><div id=\"ultimate-heading-427369d0d516e4889\" class=\"uvc-heading ult-adjust-bottom-margin ultimate-heading-427369d0d516e4889 uvc-5418\" data-hspacer=\"no_spacer\"  data-halign=\"left\" style=\"text-align:left\"><div class=\"uvc-heading-spacer no_spacer\" style=\"top\"><\/div><div class=\"uvc-main-heading ult-responsive\"  data-ultimate-target='.uvc-heading.ultimate-heading-427369d0d516e4889 h2'  data-responsive-json-new='{\"font-size\":\"desktop:26px;\",\"line-height\":\"desktop:32px;\"}' ><h2 style=\"font-weight:bold;margin-top:50px;margin-bottom:20px;\">SEND US YOUR MESSAGE!<\/h2><\/div><\/div>\n\t<div class=\"wpb_text_column wpb_content_element  vc_custom_1690966979019\" >\n\t\t<div class=\"wpb_wrapper\">\n\t\t\t<p>Below is a contact form if you want to make your request directly through here. You can also use it to attach the texts you want us to work on; please do not forget to specify what type of assignment you want us to carry out with it, especially the specific language combination and whether you need the text to become an official legal translation or not.<\/p>\n\n\t\t<\/div>\n\t<\/div>\n\n<div class=\"wpcf7 no-js\" id=\"wpcf7-f9-o1\" lang=\"es-ES\" dir=\"ltr\" data-wpcf7-id=\"9\">\n<div class=\"screen-reader-response\"><p role=\"status\" aria-live=\"polite\" aria-atomic=\"true\"><\/p> <ul><\/ul><\/div>\n<form action=\"\/en\/wp-json\/wp\/v2\/pages\/13#wpcf7-f9-o1\" method=\"post\" class=\"wpcf7-form init\" aria-label=\"Formulario de contacto\" novalidate=\"novalidate\" data-status=\"init\" data-trp-original-action=\"\/en\/wp-json\/wp\/v2\/pages\/13#wpcf7-f9-o1\">\n<fieldset class=\"hidden-fields-container\"><input type=\"hidden\" name=\"_wpcf7\" value=\"9\" \/><input type=\"hidden\" name=\"_wpcf7_version\" value=\"6.1.5\" \/><input type=\"hidden\" name=\"_wpcf7_locale\" value=\"es_ES\" \/><input type=\"hidden\" name=\"_wpcf7_unit_tag\" value=\"wpcf7-f9-o1\" \/><input type=\"hidden\" name=\"_wpcf7_container_post\" value=\"0\" \/><input type=\"hidden\" name=\"_wpcf7_posted_data_hash\" value=\"\" \/><input type=\"hidden\" name=\"_wpcf7_recaptcha_response\" value=\"\" \/>\n<\/fieldset>\n<p><label> Your name<br \/>\n<span class=\"wpcf7-form-control-wrap\" data-name=\"your-name\"><input size=\"40\" maxlength=\"400\" class=\"wpcf7-form-control wpcf7-text wpcf7-validates-as-required\" autocomplete=\"name\" aria-required=\"true\" aria-invalid=\"false\" value=\"\" type=\"text\" name=\"your-name\" \/><\/span> <\/label>\n<\/p>\n<p><label> Your email<br \/>\n<span class=\"wpcf7-form-control-wrap\" data-name=\"your-email\"><input size=\"40\" maxlength=\"400\" class=\"wpcf7-form-control wpcf7-email wpcf7-validates-as-required wpcf7-text wpcf7-validates-as-email\" autocomplete=\"email\" aria-required=\"true\" aria-invalid=\"false\" value=\"\" type=\"email\" name=\"your-email\" \/><\/span> <\/label>\n<\/p>\n<p><label> Subject<br \/>\n<span class=\"wpcf7-form-control-wrap\" data-name=\"your-subject\"><input size=\"40\" maxlength=\"400\" class=\"wpcf7-form-control wpcf7-text wpcf7-validates-as-required\" aria-required=\"true\" aria-invalid=\"false\" value=\"\" type=\"text\" name=\"your-subject\" \/><\/span> <\/label>\n<\/p>\n<p><label> Your message (Optional)<br \/>\n<span class=\"wpcf7-form-control-wrap\" data-name=\"your-message\"><textarea cols=\"40\" rows=\"10\" maxlength=\"2000\" class=\"wpcf7-form-control wpcf7-textarea\" aria-invalid=\"false\" name=\"your-message\"><\/textarea><\/span> <\/label>\n<\/p>\n<span class=\"wpcf7-form-control-wrap recaptcha\" data-name=\"recaptcha\"><span data-sitekey=\"6LcQBoooAAAAAFGDr3qi_svxVSprHBI-pmOe9If_\" class=\"wpcf7-form-control wpcf7-recaptcha g-recaptcha\"><\/span>\r\n<noscript>\r\n\t<div class=\"grecaptcha-noscript\">\r\n\t\t<iframe src=\"https:\/\/www.google.com\/recaptcha\/api\/fallback?k=6LcQBoooAAAAAFGDr3qi_svxVSprHBI-pmOe9If_\" frameborder=\"0\" scrolling=\"no\" width=\"310\" height=\"430\">\r\n\t\t<\/iframe>\r\n\t\t<textarea name=\"g-recaptcha-response\" rows=\"3\" cols=\"40\" placeholder=\"Aqu\u00ed la respuesta de reCAPTCHA\">\r\n\t\t<\/textarea>\r\n\t<\/div>\r\n<\/noscript>\r\n<\/span>\n<p>PRIVACY AND DATA PROTECTION POLICY The communication sent will be incorporated into a file for which MARIA TERESA MIR GARC\u00cdA is responsible. This communication will be used exclusively to process your data to meet your request, always in accordance with Regulation (EU) 2016\/679 of April 27, 2016 (RGPD), Organic Law 3\/2018 of December 5 (LOPDGDD) and other current legal regulations regarding the protection of personal data, on data protection. Your data will not be shared with third parties, except by legal obligation, and will be kept as long as you do not request its cancellation. At any time you can exercise the rights of access, rectification, portability and opposition, or if applicable, to the limitation and \/ or cancellation of the said treatment, communicating it in writing, indicating your personal data to Calle Real 31, 2nd floor, La L\u00ednea de la Concepci\u00f3n, 11300, C\u00e1diz (Spain)\n<\/p>\n<p><span class=\"wpcf7-form-control-wrap\" data-name=\"acceptance-439\"><span class=\"wpcf7-form-control wpcf7-acceptance\"><span class=\"wpcf7-list-item\"><input type=\"checkbox\" name=\"acceptance-439\" value=\"1\" aria-invalid=\"false\" \/><\/span><\/span><\/span> I agree to the processing and storage of my data on this website by using this form.\n<\/p>\n<p><input class=\"wpcf7-form-control wpcf7-submit has-spinner\" type=\"submit\" value=\"Send\" \/>\n<\/p><div class=\"wpcf7-response-output\" aria-hidden=\"true\"><\/div>\n<input type=\"hidden\" name=\"trp-form-language\" value=\"en\"\/><\/form>\n<\/div>\n<\/div><\/div><\/div><\/div>\n<\/div>","protected":false},"excerpt":{"rendered":"<p>DATOSDirecci\u00f3n: Calle Real 31, 2\u00aa planta, La L\u00ednea de la Concepci\u00f3n, 11300, C\u00e1diz (Espa\u00f1a)Tel\u00e9fono: 607 99 22 92Correo electr\u00f3nico: info@mirtraducciones.esHorario: de lunes a viernes de 10.00 a 13.00 y de 17.30 a 19.30. S\u00e1bados y domingos cerrado.\u00b7 Estaremos encantados de atenderles siempre en el horario laboral establecido; fuera de dicho horario, no se tomar\u00e1n llamadas&hellip;<\/p>","protected":false},"author":1,"featured_media":0,"parent":0,"menu_order":600,"comment_status":"closed","ping_status":"closed","template":"","meta":{"footnotes":""},"class_list":["post-13","page","type-page","status-publish","hentry","description-off"],"yoast_head":"<!-- This site is optimized with the Yoast SEO plugin v27.3 - https:\/\/yoast.com\/product\/yoast-seo-wordpress\/ -->\n<title>Contacto - MIR TRADUCCIONES<\/title>\n<meta name=\"robots\" content=\"index, follow, max-snippet:-1, max-image-preview:large, max-video-preview:-1\" \/>\n<link rel=\"canonical\" href=\"https:\/\/mirtraducciones.es\/en\/contacto\/\" \/>\n<meta property=\"og:locale\" content=\"en_GB\" \/>\n<meta property=\"og:type\" content=\"article\" \/>\n<meta property=\"og:title\" content=\"Contacto - MIR TRADUCCIONES\" \/>\n<meta property=\"og:url\" content=\"https:\/\/mirtraducciones.es\/en\/contacto\/\" \/>\n<meta property=\"og:site_name\" content=\"MIR TRADUCCIONES\" \/>\n<meta property=\"article:publisher\" content=\"https:\/\/www.facebook.com\/traduccionesmir\/\" \/>\n<meta property=\"article:modified_time\" content=\"2023-10-09T10:10:48+00:00\" \/>\n<meta name=\"twitter:card\" content=\"summary_large_image\" \/>\n<meta name=\"twitter:label1\" content=\"Estimated reading time\" \/>\n\t<meta name=\"twitter:data1\" content=\"2 minutes\" \/>\n<script type=\"application\/ld+json\" class=\"yoast-schema-graph\">{\"@context\":\"https:\\\/\\\/schema.org\",\"@graph\":[{\"@type\":\"WebPage\",\"@id\":\"https:\\\/\\\/mirtraducciones.es\\\/contacto\\\/\",\"url\":\"https:\\\/\\\/mirtraducciones.es\\\/contacto\\\/\",\"name\":\"Contacto - MIR TRADUCCIONES\",\"isPartOf\":{\"@id\":\"https:\\\/\\\/mirtraducciones.es\\\/#website\"},\"datePublished\":\"2016-01-29T10:14:33+00:00\",\"dateModified\":\"2023-10-09T10:10:48+00:00\",\"breadcrumb\":{\"@id\":\"https:\\\/\\\/mirtraducciones.es\\\/contacto\\\/#breadcrumb\"},\"inLanguage\":\"en-GB\",\"potentialAction\":[{\"@type\":\"ReadAction\",\"target\":[\"https:\\\/\\\/mirtraducciones.es\\\/contacto\\\/\"]}]},{\"@type\":\"BreadcrumbList\",\"@id\":\"https:\\\/\\\/mirtraducciones.es\\\/contacto\\\/#breadcrumb\",\"itemListElement\":[{\"@type\":\"ListItem\",\"position\":1,\"name\":\"Portada\",\"item\":\"https:\\\/\\\/mirtraducciones.es\\\/\"},{\"@type\":\"ListItem\",\"position\":2,\"name\":\"Contacto\"}]},{\"@type\":\"WebSite\",\"@id\":\"https:\\\/\\\/mirtraducciones.es\\\/#website\",\"url\":\"https:\\\/\\\/mirtraducciones.es\\\/\",\"name\":\"MIR TRADUCCIONES\",\"description\":\"Nuestra agencia de traducci\u00f3n ofrece servicios profesionales, r\u00e1pidos y confiables\",\"potentialAction\":[{\"@type\":\"SearchAction\",\"target\":{\"@type\":\"EntryPoint\",\"urlTemplate\":\"https:\\\/\\\/mirtraducciones.es\\\/?s={search_term_string}\"},\"query-input\":{\"@type\":\"PropertyValueSpecification\",\"valueRequired\":true,\"valueName\":\"search_term_string\"}}],\"inLanguage\":\"en-GB\"}]}<\/script>\n<!-- \/ Yoast SEO plugin. -->","yoast_head_json":{"title":"Contacto - MIR TRADUCCIONES","robots":{"index":"index","follow":"follow","max-snippet":"max-snippet:-1","max-image-preview":"max-image-preview:large","max-video-preview":"max-video-preview:-1"},"canonical":"https:\/\/mirtraducciones.es\/en\/contacto\/","og_locale":"en_GB","og_type":"article","og_title":"Contacto - MIR TRADUCCIONES","og_url":"https:\/\/mirtraducciones.es\/en\/contacto\/","og_site_name":"MIR TRADUCCIONES","article_publisher":"https:\/\/www.facebook.com\/traduccionesmir\/","article_modified_time":"2023-10-09T10:10:48+00:00","twitter_card":"summary_large_image","twitter_misc":{"Estimated reading time":"2 minutes"},"schema":{"@context":"https:\/\/schema.org","@graph":[{"@type":"WebPage","@id":"https:\/\/mirtraducciones.es\/contacto\/","url":"https:\/\/mirtraducciones.es\/contacto\/","name":"Contacto - MIR TRADUCCIONES","isPartOf":{"@id":"https:\/\/mirtraducciones.es\/#website"},"datePublished":"2016-01-29T10:14:33+00:00","dateModified":"2023-10-09T10:10:48+00:00","breadcrumb":{"@id":"https:\/\/mirtraducciones.es\/contacto\/#breadcrumb"},"inLanguage":"en-GB","potentialAction":[{"@type":"ReadAction","target":["https:\/\/mirtraducciones.es\/contacto\/"]}]},{"@type":"BreadcrumbList","@id":"https:\/\/mirtraducciones.es\/contacto\/#breadcrumb","itemListElement":[{"@type":"ListItem","position":1,"name":"Portada","item":"https:\/\/mirtraducciones.es\/"},{"@type":"ListItem","position":2,"name":"Contacto"}]},{"@type":"WebSite","@id":"https:\/\/mirtraducciones.es\/#website","url":"https:\/\/mirtraducciones.es\/","name":"MIR TRADUCCIONES","description":"Nuestra agencia de traducci\u00f3n ofrece servicios profesionales, r\u00e1pidos y confiables","potentialAction":[{"@type":"SearchAction","target":{"@type":"EntryPoint","urlTemplate":"https:\/\/mirtraducciones.es\/?s={search_term_string}"},"query-input":{"@type":"PropertyValueSpecification","valueRequired":true,"valueName":"search_term_string"}}],"inLanguage":"en-GB"}]}},"_links":{"self":[{"href":"https:\/\/mirtraducciones.es\/en\/wp-json\/wp\/v2\/pages\/13","targetHints":{"allow":["GET"]}}],"collection":[{"href":"https:\/\/mirtraducciones.es\/en\/wp-json\/wp\/v2\/pages"}],"about":[{"href":"https:\/\/mirtraducciones.es\/en\/wp-json\/wp\/v2\/types\/page"}],"author":[{"embeddable":true,"href":"https:\/\/mirtraducciones.es\/en\/wp-json\/wp\/v2\/users\/1"}],"replies":[{"embeddable":true,"href":"https:\/\/mirtraducciones.es\/en\/wp-json\/wp\/v2\/comments?post=13"}],"version-history":[{"count":14,"href":"https:\/\/mirtraducciones.es\/en\/wp-json\/wp\/v2\/pages\/13\/revisions"}],"predecessor-version":[{"id":2196,"href":"https:\/\/mirtraducciones.es\/en\/wp-json\/wp\/v2\/pages\/13\/revisions\/2196"}],"wp:attachment":[{"href":"https:\/\/mirtraducciones.es\/en\/wp-json\/wp\/v2\/media?parent=13"}],"curies":[{"name":"wp","href":"https:\/\/api.w.org\/{rel}","templated":true}]}}